{"id":781,"date":"2019-04-23T21:40:54","date_gmt":"2019-04-23T19:40:54","guid":{"rendered":"https:\/\/www.heilmoorbad.at\/?page_id=781"},"modified":"2023-04-24T09:51:18","modified_gmt":"2023-04-24T07:51:18","slug":"privacy-policy","status":"publish","type":"page","link":"https:\/\/www.heilmoorbad.at\/en\/contact\/privacy-policy\/","title":{"rendered":"Privacy Policy"},"content":{"rendered":"<p><em><strong>Please note, as an organisation registered in Austria, the German version of this privacy policy applies. Please find it below for your reference.<\/strong><\/em><\/p>\n<h2><b>Datenschutz<\/b><\/h2>\n<p><span style=\"font-weight: 400;\">Wir haben diese Datenschutzerkl\u00e4rung verfasst, um Ihnen gem\u00e4\u00df der Vorgaben der EU-Datenschutz-Grundverordnung zu erkl\u00e4ren, welche Informationen wir sammeln, wie wir Daten verwenden und welche Entscheidungsm\u00f6glichkeiten Sie als Besucher dieser Webseite haben.<\/span><\/p>\n<p><span style=\"font-weight: 400;\">Leider liegt es in der Natur der Sache, dass diese Erkl\u00e4rungen sehr technisch klingen, wir haben uns bei der Erstellung jedoch bem\u00fcht die wichtigsten Dinge so einfach und klar zu beschreiben.<\/span><\/p>\n<h2><b>Automatische Datenspeicherung<\/b><\/h2>\n<p><span style=\"font-weight: 400;\">Wenn Sie heutzutage Webseiten besuchen, werden gewisse Informationen automatisch erstellt und gespeichert, so auch auf dieser Webseite.<\/span><\/p>\n<p><span style=\"font-weight: 400;\">Wenn Sie unsere Webseite so wie jetzt gerade besuchen, speichert unser Webserver (Computer auf dem diese Webseite gespeichert ist) automatisch Daten wie die IP-Adresse Ihres Ger\u00e4tes, die Adressen der besuchten Unterseiten, Details zu Ihrem Browser (z.B. Chrome, Firefox, Edge,\u2026) und Datum sowie Uhrzeit. Wir nutzen diese Daten nicht und geben Sie in der Regel nicht weiter, k\u00f6nnen jedoch nicht ausschlie\u00dfen, dass diese Daten beim Vorliegen von rechtswidrigem Verhalten eingesehen werden.<\/span><\/p>\n<h2><b>Speicherung pers\u00f6nlicher Daten<\/b><\/h2>\n<p><span style=\"font-weight: 400;\">Pers\u00f6nliche Daten, die Sie uns auf dieser Website elektronisch \u00fcbermitteln, wie zum Beispiel Name, E-Mail-Adresse, Adresse oder andere pers\u00f6nlichen Angaben im Rahmen der \u00dcbermittlung eines Formulars oder Kommentaren im Blog, werden von uns gemeinsam mit dem Zeitpunkt und der IP-Adresse nur zum jeweils angegebenen Zweck verwendet, sicher verwahrt und nicht an Dritte weitergegeben.<\/span><\/p>\n<p><span style=\"font-weight: 400;\">Wir nutzen Ihre pers\u00f6nlichen Daten somit nur f\u00fcr die Kommunikation mit jenen Besuchern, die Kontakt ausdr\u00fccklich w\u00fcnschen und f\u00fcr die Abwicklung der auf dieser Webseite angebotenen Dienstleistungen und Produkte. Wir geben Ihre pers\u00f6nlichen Daten ohne Zustimmung nicht weiter, k\u00f6nnen jedoch nicht ausschlie\u00dfen, dass diese Daten beim Vorliegen von rechtswidrigem Verhalten eingesehen werden.<\/span><\/p>\n<p><span style=\"font-weight: 400;\">Wenn Sie uns pers\u00f6nliche Daten per E-Mail schicken \u2013 somit abseits dieser Webseite \u2013 k\u00f6nnen wir keine sichere \u00dcbertragung und den Schutz Ihrer Daten garantieren. Wir empfehlen Ihnen, vertrauliche Daten niemals unverschl\u00fcsselt per E-Mail zu \u00fcbermitteln.<\/span><\/p>\n<h2><b>Ihre Rechte<\/b><\/h2>\n<p><span style=\"font-weight: 400;\">Ihnen stehen grunds\u00e4tzlich die Rechte auf Auskunft, Berichtigung, L\u00f6schung, Einschr\u00e4nkung, Daten\u00fcbertragbarkeit, Widerruf und Widerspruch zu. Wenn Sie glauben, dass die Verarbeitung Ihrer Daten gegen das Datenschutzrecht verst\u00f6\u00dft oder Ihre datenschutzrechtlichen Anspr\u00fcche sonst in einer Weise verletzt worden sind, k\u00f6nnen Sie sich bei der Aufsichtsbeh\u00f6rde beschweren. In \u00d6sterreich ist dies die Datenschutzbeh\u00f6rde, deren Webseiten Sie unter<\/span><a href=\"https:\/\/www.dsb.gv.at\/\"> <span style=\"font-weight: 400;\">https:\/\/www.dsb.gv.at\/<\/span><\/a><span style=\"font-weight: 400;\"> finden.<\/span><\/p>\n<h2><b>TLS-Verschl\u00fcsselung mit https<\/b><\/h2>\n<p><span style=\"font-weight: 400;\">Wir verwenden https um Daten abh\u00f6rsicher im Internet zu \u00fcbertragen. Durch den Einsatz von TLS (Transport Layer Security), einem Verschl\u00fcsselungsprotokoll zur sicheren Daten\u00fcbertragung im Internet k\u00f6nnen wir den Schutz vertraulicher Daten sicherstellen. Sie erkennen die Benutzung dieser Absicherung der Daten\u00fcbertragung am kleinen Schlo\u00dfsymbol links oben im Browser und der Verwendung des Schemas https als Teil unserer Internetadresse.<\/span><\/p>\n<h2><b>Cookies<\/b><\/h2>\n<p><span style=\"font-weight: 400;\">Unsere Website verwendet HTTP-Cookies um nutzerspezifische Daten zu speichern.<\/span><\/p>\n<p><span style=\"font-weight: 400;\">Ein Cookie ist ein kurzes Datenpaket, welches zwischen Webbrowser und Webserver ausgetauscht wird, f\u00fcr diese aber v\u00f6llig bedeutungslos ist und erst f\u00fcr die Webanwendung, z. B. einen Online-Shop, eine Bedeutung erh\u00e4lt, etwa den Inhalt eines virtuellen Warenkorbes.<\/span><\/p>\n<p><span style=\"font-weight: 400;\">Es gibt zwei Arten von Cookies: Erstanbieter-Cookies werden von unserer Website erstellt, Drittanbieter-Cookies werden von anderen Websites (z. B. Google Analytics) erstellt.<\/span><\/p>\n<p><span style=\"font-weight: 400;\">Man unterscheidet drei Kategorien von Cookies: unbedingt notwendige Cookies um grundlegende Funktionen der Website sicherzustellen, funktionelle Cookies um die Leistung der Webseite sicherzustellen und zielorientierte Cookies um das Benutzererlebnis zu verbessern.<\/span><\/p>\n<p><span style=\"font-weight: 400;\">Wir nutzen Cookies, um unsere Webseite nutzerfreundlicher zu gestalten. Einige Cookies bleiben auf Ihrem Endger\u00e4t gespeichert, bis Sie diese l\u00f6schen. Sie erm\u00f6glichen es uns, Ihren Browser beim n\u00e4chsten Besuch wiederzuerkennen.<\/span><\/p>\n<p><span style=\"font-weight: 400;\">Wenn Sie dies nicht w\u00fcnschen, so k\u00f6nnen Sie Ihren Browser so einrichten, dass er Sie \u00fcber das Setzen von Cookies informiert und Sie dies nur im Einzelfall erlauben.<\/span><\/p>\n<p><span style=\"font-weight: 400;\">Sie k\u00f6nnen jederzeit Cookies, die sich bereits auf Ihrem Computer befinden, l\u00f6schen oder Cookies deaktivieren. Die Vorgangsweise dazu ist nach Browser unterschiedlich, am besten Sie suchen die Anleitung in Google mit dem Suchbegriff \u201ecookies l\u00f6schen chrome\u201c oder \u201ecookies deaktivieren chrome\u201c im Falle eines Chrome Browsers oder tauschen das Wort \u201echrome\u201c gegen den Namen Ihres Browsers, z. B. edge, firefox, safari aus.<\/span><\/p>\n<p><span style=\"font-weight: 400;\">Wenn Sie uns generell nicht gestatten, Cookies zu nutzen, d.h. diese per Browsereinstellung deaktivieren, k\u00f6nnen manche Funktionen und Seiten nicht wie erwartet funktionieren.<\/p>\n<p><\/span><\/p>\n<h5>Cookie Verwaltung<\/h5>\n<p><span style=\"font-weight: 400;\">Zur Verwaltung der eingesetzten Cookies und \u00e4hnlichen Technologien (Tracking-Pixel, Web-Beacons etc.) und diesbez\u00fcglicher Einwilligungen setzen wir das Consent Tool &#8220;Real Cookie Banner&#8221; ein. Details zur Funktionsweise von &#8220;Real Cookie Banner&#8221; findest du unter <a href=\"https:\/\/devowl.io\/de\/rcb\/datenverarbeitung\/\" target=\"_blank\" rel=\"noopener\">https:\/\/devowl.io\/de\/rcb\/datenverarbeitung\/<\/a><\/span><\/p>\n<p><span style=\"font-weight: 400;\">Rechtsgrundlagen f\u00fcr die Verarbeitung von personenbezogenen Daten in diesem Zusammenhang sind Art. 6 Abs. 1 lit. c DS-GVO und Art. 6 Abs. 1 lit. f DS-GVO. Unser berechtigtes Interesse ist die Verwaltung der eingesetzten Cookies und \u00e4hnlichen Technologien und der diesbez\u00fcglichen Einwilligungen.<\/span><\/p>\n<p><span style=\"font-weight: 400;\">Die Bereitstellung der personenbezogenen Daten ist weder vertraglich vorgeschrieben noch f\u00fcr den Abschluss eines Vertrages notwendig. Du bist nicht verpflichtet die personenbezogenen Daten bereitzustellen. Wenn du die personenbezogenen Daten nicht bereitstellst, k\u00f6nnen wir deine Einwilligungen nicht verwalten.<\/span><\/p>\n<p><span style=\"font-weight: 400;\">\u00a0<\/span><\/p>\n<h2><b>Google Maps Datenschutzerkl\u00e4rung<\/b><\/h2>\n<p><span style=\"font-weight: 400;\">Wir verwenden Google Maps der Firma Google Inc. (1600 Amphitheatre Parkway Mountain View, CA 94043, USA) auf unserer Webseite.<\/span><\/p>\n<p><span style=\"font-weight: 400;\">Durch die Nutzung der Funktionen dieser Karte werden Daten an Google \u00fcbertragen. Welche Daten von Google erfasst werden und wof\u00fcr diese Daten verwendet werden, k\u00f6nnen Sie auf<\/span><a href=\"https:\/\/www.google.com\/intl\/de\/policies\/privacy\/\"> <span style=\"font-weight: 400;\">https:\/\/www.google.com\/intl\/de\/policies\/privacy\/<\/span><\/a><span style=\"font-weight: 400;\"> nachlesen.<\/span><\/p>\n<h2><b>Google Analytics Datenschutzerkl\u00e4rung<\/b><\/h2>\n<p><span style=\"font-weight: 400;\">Wir verwenden auf dieser Webseite Google Analytics der Firma Google Inc. (1600 Amphitheatre Parkway Mountain View, CA 94043, USA) um Besucherdaten statistisch auszuwerten. Dabei verwendet Google Analytics zielorientierte Cookies.<\/span><\/p>\n<p><span style=\"font-weight: 400;\">N\u00e4here Informationen zu Nutzungsbedingungen und Datenschutz finden Sie unter<\/span><a href=\"http:\/\/www.google.com\/analytics\/terms\/de.html\"> <span style=\"font-weight: 400;\">http:\/\/www.google.com\/analytics\/terms\/de.html<\/span><\/a><span style=\"font-weight: 400;\"> bzw. unter<\/span><a href=\"https:\/\/support.google.com\/analytics\/answer\/6004245?hl=de\"> <span style=\"font-weight: 400;\">https:\/\/support.google.com\/analytics\/answer\/6004245?hl=de<\/span><\/a><span style=\"font-weight: 400;\">.<\/span><\/p>\n<h3><b>Pseudonymisierung<\/b><\/h3>\n<p><span style=\"font-weight: 400;\">Unser Anliegen im Sinne der DSGVO ist die Verbesserung unseres Angebotes und unseres Webauftritts. Da uns die Privatsph\u00e4re unserer Nutzer wichtig ist, werden die Nutzerdaten pseudonymisiert. Die Datenverarbeitung erfolgt auf Basis der gesetzlichen Bestimmungen des \u00a7 96 Abs 3 TKG sowie des Art 6 EU-DSGVO Abs 1 lit a (Einwilligung) und\/oder f (berechtigtes Interesse) der DSGVO.<\/span><\/p>\n<h3><b>Deaktivierung der Datenerfassung durch Google Analytics<\/b><\/h3>\n<p><span style=\"font-weight: 400;\">Mithilfe des <\/span><b>Browser-Add-ons zur Deaktivierung<\/b><span style=\"font-weight: 400;\"> von Google Analytics-JavaScript (ga.js, analytics.js, dc.js) k\u00f6nnen Website-Besucher verhindern, dass Google Analytics ihre Daten verwendet.<\/span><\/p>\n<p><span style=\"font-weight: 400;\">Sie k\u00f6nnen die Erfassung der durch das Cookie erzeugten und auf Ihre Nutzung der Website bezogenen Daten an Google sowie die Verarbeitung dieser Daten durch Google verhindern, indem Sie das unter dem folgenden Link verf\u00fcgbare Browser-Plugin herunterladen und installieren:<\/span><a href=\"https:\/\/tools.google.com\/dlpage\/gaoptout?hl=de\"> <span style=\"font-weight: 400;\">https:\/\/tools.google.com\/dlpage\/gaoptout?hl=de<\/span><\/a><span style=\"font-weight: 400;\">.<\/span><\/p>\n<h2><b>Google Analytics Zusatz zur Datenverarbeitung<\/b><\/h2>\n<p><span style=\"font-weight: 400;\">Wir haben mit Google einen Direktkundenvertrag zur Verwendung von Google Analytics abgeschlossen, indem wir den \u201cZusatz zur Datenverarbeitung\u201d in Google Analytics akzeptiert haben.<\/span><\/p>\n<p><span style=\"font-weight: 400;\">Mehr \u00fcber den Zusatz zur Datenverarbeitung f\u00fcr Google Analytics finden Sie hier:<\/span><a href=\"https:\/\/support.google.com\/analytics\/answer\/3379636?hl=de&amp;utm_id=ad\"> <span style=\"font-weight: 400;\">https:\/\/support.google.com\/analytics\/answer\/3379636?hl=de&amp;utm_id=ad<\/span><\/a><\/p>\n<h2><b>Google Analytics IP-Anonymisierung<\/b><\/h2>\n<p><span style=\"font-weight: 400;\">Wir haben auf dieser Webseite die IP-Adressen-Anonymisierung von Google Analytics implementiert. Diese Funktion wurde von Google entwickelt, damit diese Webseite die geltenden Datenschutzbestimmungen und Empfehlungen der lokalen Datenschutzbeh\u00f6rden einhalten kann, wenn diese eine Speicherung der vollst\u00e4ndigen IP-Adresse untersagen. Die Anonymisierung bzw. Maskierung der IP findet statt, sobald die IP-Adressen im Google Analytics-Datenerfassungsnetzwerk eintreffen und bevor eine Speicherung oder Verarbeitung der Daten stattfindet.<\/span><\/p>\n<p><span style=\"font-weight: 400;\">Mehr Informationen zur IP-Anonymisierung finden Sie auf <\/span><a href=\"https:\/\/support.google.com\/analytics\/answer\/2763052?hl=de\"><span style=\"font-weight: 400;\">https:\/\/support.google.com\/analytics\/answer\/2763052?hl=de<\/span><\/a><span style=\"font-weight: 400;\">.<\/span><\/p>\n<h2><b>Google Analytics Berichte zu demografischen Merkmalen und Interessen<\/b><\/h2>\n<p><span style=\"font-weight: 400;\">Wir haben in Google Analytics die Funktionen f\u00fcr Werbeberichte eingeschaltet. Die Berichte zu demografischen Merkmalen und Interessen enthalten Angaben zu Alter, Geschlecht und Interessen. Damit k\u00f6nnen wir uns \u2013 ohne diese Daten einzelnen Personen zuordnen zu k\u00f6nnen \u2013 ein besseres Bild von unseren Nutzern machen. Mehr \u00fcber die Werbefunktionen erfahren Sie<\/span><a href=\"https:\/\/support.google.com\/analytics\/answer\/3450482?hl=de_AT&amp;utm_id=ad\"> <span style=\"font-weight: 400;\">auf https:\/\/support.google.com\/analytics\/answer\/3450482?hl=de_AT&amp;utm_id=ad<\/span><\/a><span style=\"font-weight: 400;\">.<\/span><\/p>\n<p><span style=\"font-weight: 400;\">Sie k\u00f6nnen die Nutzung der Aktivit\u00e4ten und Informationen Ihres Google Kontos unter \u201cEinstellungen f\u00fcr Werbung\u201d auf<\/span><a href=\"https:\/\/adssettings.google.com\/authenticated\"> <span style=\"font-weight: 400;\">https:\/\/adssettings.google.com\/authenticated<\/span><\/a><span style=\"font-weight: 400;\"> per Checkbox beenden.<\/span><\/p>\n<h2><b>Google Analytics Deaktivierungslink<\/b><\/h2>\n<p><span style=\"font-weight: 400;\">Wenn Sie auf folgenden <\/span><b>Deaktivierungslink<\/b><span style=\"font-weight: 400;\"> klicken, k\u00f6nnen Sie verhindern, dass Google weitere Besuche auf dieser Webseite erfasst. Achtung: Das L\u00f6schen von Cookies, die Nutzung des Inkognito\/Privatmodus ihres Browsers, oder die Nutzung eines anderen Browsers f\u00fchrt dazu, dass wieder Daten erhoben werden.<\/span><\/p>\n<p><span style=\"font-weight: 400;\">Google Analytics deaktivieren<\/span><\/p>\n<h2><b>Google Fonts Datenschutzerkl\u00e4rung<\/b><\/h2>\n<p><span style=\"font-weight: 400;\">Wir verwenden Google Fonts der Firma Google Inc. (1600 Amphitheatre Parkway Mountain View, CA 94043, USA) auf unserer Webseite. Die Verwendung von Google Fonts erfolgt ohne Authentisierung und es werden keine Cookies and die Google Fonts API gesendet. Sollten Sie ein Konto bei Google haben, werden keine Ihrer Google-Kontodaten an Google w\u00e4hrend der Nutzung von Google Fonts \u00fcbermittelt. Google erfasst lediglich die Nutzung von CSS und der verwendeten Fonts und speichert diese Daten sicher. Mehr zu diesen und weiteren Fragen finden Sie auf<\/span><a href=\"https:\/\/developers.google.com\/fonts\/faq\"> <span style=\"font-weight: 400;\">https:\/\/developers.google.com\/fonts\/faq<\/span><\/a><span style=\"font-weight: 400;\">.<\/span><\/p>\n<p><span style=\"font-weight: 400;\">Welche Daten von Google erfasst werden und wof\u00fcr diese Daten verwendet werden, k\u00f6nnen Sie auf<\/span><a href=\"https:\/\/www.google.com\/intl\/de\/policies\/privacy\/\"> <span style=\"font-weight: 400;\">https:\/\/www.google.com\/intl\/de\/policies\/privacy\/<\/span><\/a><span style=\"font-weight: 400;\"> nachlesen.<\/span><\/p>\n<p><span style=\"font-weight: 400;\">Quelle: Erstellt mit dem <\/span><a href=\"https:\/\/www.firmenwebseiten.at\/datenschutz-generator\/\"><span style=\"font-weight: 400;\">Datenschutz Generator von firmenwebseiten.at<\/span><\/a><span style=\"font-weight: 400;\"> in Kooperation mit<\/span><a href=\"https:\/\/www.testiness.at\"> <span style=\"font-weight: 400;\">testiness.at<\/span><\/a><\/p>\n","protected":false},"excerpt":{"rendered":"<p>Please note, as an organisation registered in Austria, the German version of this privacy policy applies. Please find it below for your reference. Datenschutz Wir haben<span class=\"excerpt-hellip\"> [\u2026]<\/span><\/p>\n","protected":false},"author":3,"featured_media":0,"parent":779,"menu_order":0,"comment_status":"closed","ping_status":"closed","template":"","meta":{"rs_blank_template":"","rs_page_bg_color":"","slide_template_v7":"","footnotes":""},"class_list":["post-781","page","type-page","status-publish","hentry"],"yoast_head":"<!-- This site is optimized with the Yoast SEO plugin v27.5 - https:\/\/yoast.com\/product\/yoast-seo-wordpress\/ -->\n<title>Privacy Policy - Heilmoorbad Schwanberg<\/title>\n<meta name=\"robots\" content=\"index, follow, max-snippet:-1, max-image-preview:large, max-video-preview:-1\" \/>\n<link rel=\"canonical\" href=\"https:\/\/www.heilmoorbad.at\/en\/contact\/privacy-policy\/\" \/>\n<meta property=\"og:locale\" content=\"en_US\" \/>\n<meta property=\"og:type\" content=\"article\" \/>\n<meta property=\"og:title\" content=\"Privacy Policy - Heilmoorbad Schwanberg\" \/>\n<meta property=\"og:description\" content=\"Please note, as an organisation registered in Austria, the German version of this privacy policy applies. Please find it below for your reference. Datenschutz Wir haben [\u2026]\" \/>\n<meta property=\"og:url\" content=\"https:\/\/www.heilmoorbad.at\/en\/contact\/privacy-policy\/\" \/>\n<meta property=\"og:site_name\" content=\"Heilmoorbad Schwanberg\" \/>\n<meta property=\"article:modified_time\" content=\"2023-04-24T07:51:18+00:00\" \/>\n<meta name=\"twitter:card\" content=\"summary_large_image\" \/>\n<meta name=\"twitter:label1\" content=\"Est. reading time\" \/>\n\t<meta name=\"twitter:data1\" content=\"8 minutes\" \/>\n<script type=\"application\/ld+json\" class=\"yoast-schema-graph\">{\"@context\":\"https:\\\/\\\/schema.org\",\"@graph\":[{\"@type\":\"WebPage\",\"@id\":\"https:\\\/\\\/www.heilmoorbad.at\\\/en\\\/contact\\\/privacy-policy\\\/\",\"url\":\"https:\\\/\\\/www.heilmoorbad.at\\\/en\\\/contact\\\/privacy-policy\\\/\",\"name\":\"Privacy Policy - Heilmoorbad Schwanberg\",\"isPartOf\":{\"@id\":\"https:\\\/\\\/www.heilmoorbad.at\\\/en\\\/#website\"},\"datePublished\":\"2019-04-23T19:40:54+00:00\",\"dateModified\":\"2023-04-24T07:51:18+00:00\",\"breadcrumb\":{\"@id\":\"https:\\\/\\\/www.heilmoorbad.at\\\/en\\\/contact\\\/privacy-policy\\\/#breadcrumb\"},\"inLanguage\":\"en-US\",\"potentialAction\":[{\"@type\":\"ReadAction\",\"target\":[\"https:\\\/\\\/www.heilmoorbad.at\\\/en\\\/contact\\\/privacy-policy\\\/\"]}]},{\"@type\":\"BreadcrumbList\",\"@id\":\"https:\\\/\\\/www.heilmoorbad.at\\\/en\\\/contact\\\/privacy-policy\\\/#breadcrumb\",\"itemListElement\":[{\"@type\":\"ListItem\",\"position\":1,\"name\":\"Startseite\",\"item\":\"https:\\\/\\\/www.heilmoorbad.at\\\/en\\\/\"},{\"@type\":\"ListItem\",\"position\":2,\"name\":\"Contact\",\"item\":\"https:\\\/\\\/www.heilmoorbad.at\\\/en\\\/contact\\\/\"},{\"@type\":\"ListItem\",\"position\":3,\"name\":\"Privacy Policy\"}]},{\"@type\":\"WebSite\",\"@id\":\"https:\\\/\\\/www.heilmoorbad.at\\\/en\\\/#website\",\"url\":\"https:\\\/\\\/www.heilmoorbad.at\\\/en\\\/\",\"name\":\"Heilmoorbad Schwanberg\",\"description\":\"\",\"publisher\":{\"@id\":\"https:\\\/\\\/www.heilmoorbad.at\\\/en\\\/#organization\"},\"potentialAction\":[{\"@type\":\"SearchAction\",\"target\":{\"@type\":\"EntryPoint\",\"urlTemplate\":\"https:\\\/\\\/www.heilmoorbad.at\\\/en\\\/?s={search_term_string}\"},\"query-input\":{\"@type\":\"PropertyValueSpecification\",\"valueRequired\":true,\"valueName\":\"search_term_string\"}}],\"inLanguage\":\"en-US\"},{\"@type\":\"Organization\",\"@id\":\"https:\\\/\\\/www.heilmoorbad.at\\\/en\\\/#organization\",\"name\":\"Heilmoorbad Schwanberg\",\"url\":\"https:\\\/\\\/www.heilmoorbad.at\\\/en\\\/\",\"logo\":{\"@type\":\"ImageObject\",\"inLanguage\":\"en-US\",\"@id\":\"https:\\\/\\\/www.heilmoorbad.at\\\/en\\\/#\\\/schema\\\/logo\\\/image\\\/\",\"url\":\"https:\\\/\\\/www.heilmoorbad.at\\\/wp-content\\\/uploads\\\/2018\\\/09\\\/logo_600.png\",\"contentUrl\":\"https:\\\/\\\/www.heilmoorbad.at\\\/wp-content\\\/uploads\\\/2018\\\/09\\\/logo_600.png\",\"width\":600,\"height\":154,\"caption\":\"Heilmoorbad Schwanberg\"},\"image\":{\"@id\":\"https:\\\/\\\/www.heilmoorbad.at\\\/en\\\/#\\\/schema\\\/logo\\\/image\\\/\"}}]}<\/script>\n<!-- \/ Yoast SEO plugin. -->","yoast_head_json":{"title":"Privacy Policy - Heilmoorbad Schwanberg","robots":{"index":"index","follow":"follow","max-snippet":"max-snippet:-1","max-image-preview":"max-image-preview:large","max-video-preview":"max-video-preview:-1"},"canonical":"https:\/\/www.heilmoorbad.at\/en\/contact\/privacy-policy\/","og_locale":"en_US","og_type":"article","og_title":"Privacy Policy - Heilmoorbad Schwanberg","og_description":"Please note, as an organisation registered in Austria, the German version of this privacy policy applies. Please find it below for your reference. Datenschutz Wir haben [\u2026]","og_url":"https:\/\/www.heilmoorbad.at\/en\/contact\/privacy-policy\/","og_site_name":"Heilmoorbad Schwanberg","article_modified_time":"2023-04-24T07:51:18+00:00","twitter_card":"summary_large_image","twitter_misc":{"Est. reading time":"8 minutes"},"schema":{"@context":"https:\/\/schema.org","@graph":[{"@type":"WebPage","@id":"https:\/\/www.heilmoorbad.at\/en\/contact\/privacy-policy\/","url":"https:\/\/www.heilmoorbad.at\/en\/contact\/privacy-policy\/","name":"Privacy Policy - Heilmoorbad Schwanberg","isPartOf":{"@id":"https:\/\/www.heilmoorbad.at\/en\/#website"},"datePublished":"2019-04-23T19:40:54+00:00","dateModified":"2023-04-24T07:51:18+00:00","breadcrumb":{"@id":"https:\/\/www.heilmoorbad.at\/en\/contact\/privacy-policy\/#breadcrumb"},"inLanguage":"en-US","potentialAction":[{"@type":"ReadAction","target":["https:\/\/www.heilmoorbad.at\/en\/contact\/privacy-policy\/"]}]},{"@type":"BreadcrumbList","@id":"https:\/\/www.heilmoorbad.at\/en\/contact\/privacy-policy\/#breadcrumb","itemListElement":[{"@type":"ListItem","position":1,"name":"Startseite","item":"https:\/\/www.heilmoorbad.at\/en\/"},{"@type":"ListItem","position":2,"name":"Contact","item":"https:\/\/www.heilmoorbad.at\/en\/contact\/"},{"@type":"ListItem","position":3,"name":"Privacy Policy"}]},{"@type":"WebSite","@id":"https:\/\/www.heilmoorbad.at\/en\/#website","url":"https:\/\/www.heilmoorbad.at\/en\/","name":"Heilmoorbad Schwanberg","description":"","publisher":{"@id":"https:\/\/www.heilmoorbad.at\/en\/#organization"},"potentialAction":[{"@type":"SearchAction","target":{"@type":"EntryPoint","urlTemplate":"https:\/\/www.heilmoorbad.at\/en\/?s={search_term_string}"},"query-input":{"@type":"PropertyValueSpecification","valueRequired":true,"valueName":"search_term_string"}}],"inLanguage":"en-US"},{"@type":"Organization","@id":"https:\/\/www.heilmoorbad.at\/en\/#organization","name":"Heilmoorbad Schwanberg","url":"https:\/\/www.heilmoorbad.at\/en\/","logo":{"@type":"ImageObject","inLanguage":"en-US","@id":"https:\/\/www.heilmoorbad.at\/en\/#\/schema\/logo\/image\/","url":"https:\/\/www.heilmoorbad.at\/wp-content\/uploads\/2018\/09\/logo_600.png","contentUrl":"https:\/\/www.heilmoorbad.at\/wp-content\/uploads\/2018\/09\/logo_600.png","width":600,"height":154,"caption":"Heilmoorbad Schwanberg"},"image":{"@id":"https:\/\/www.heilmoorbad.at\/en\/#\/schema\/logo\/image\/"}}]}},"_links":{"self":[{"href":"https:\/\/www.heilmoorbad.at\/en\/wp-json\/wp\/v2\/pages\/781","targetHints":{"allow":["GET"]}}],"collection":[{"href":"https:\/\/www.heilmoorbad.at\/en\/wp-json\/wp\/v2\/pages"}],"about":[{"href":"https:\/\/www.heilmoorbad.at\/en\/wp-json\/wp\/v2\/types\/page"}],"author":[{"embeddable":true,"href":"https:\/\/www.heilmoorbad.at\/en\/wp-json\/wp\/v2\/users\/3"}],"replies":[{"embeddable":true,"href":"https:\/\/www.heilmoorbad.at\/en\/wp-json\/wp\/v2\/comments?post=781"}],"version-history":[{"count":5,"href":"https:\/\/www.heilmoorbad.at\/en\/wp-json\/wp\/v2\/pages\/781\/revisions"}],"predecessor-version":[{"id":38050,"href":"https:\/\/www.heilmoorbad.at\/en\/wp-json\/wp\/v2\/pages\/781\/revisions\/38050"}],"up":[{"embeddable":true,"href":"https:\/\/www.heilmoorbad.at\/en\/wp-json\/wp\/v2\/pages\/779"}],"wp:attachment":[{"href":"https:\/\/www.heilmoorbad.at\/en\/wp-json\/wp\/v2\/media?parent=781"}],"curies":[{"name":"wp","href":"https:\/\/api.w.org\/{rel}","templated":true}]}}